{"id":12,"date":"2023-10-17T15:56:24","date_gmt":"2023-10-17T15:56:24","guid":{"rendered":"https:\/\/myrustaveli.com\/?page_id=12"},"modified":"2025-10-16T12:52:06","modified_gmt":"2025-10-16T12:52:06","slug":"home","status":"publish","type":"page","link":"https:\/\/myrustaveli.com\/fr\/","title":{"rendered":"Home"},"content":{"rendered":"<div class=\"wp-block-cover alignfull has-parallax\" style=\"min-height:886px;aspect-ratio:unset;\"><div class=\"wp-block-cover__image-background wp-image-34 has-parallax\" style=\"background-position:50% 50%;background-image:url(https:\/\/myrustaveli.com\/wp-content\/uploads\/2023\/10\/002r-scaled-e1698861586960.jpg)\"><\/div><span aria-hidden=\"true\" class=\"wp-block-cover__background has-nv-text-dark-bg-background-color has-background-dim-90 has-background-dim\"><\/span><div class=\"wp-block-cover__inner-container is-layout-constrained wp-block-cover-is-layout-constrained\">\n<p style=\"text-align: center; font-family: Begtabeg; font-size: 500%; line-height: 250%; margin-top:-15%;\"><span style=\"color: #a8380c;\">Mon Rustaveli<\/span><\/p>\n<p style=\"text-align: center; font-family: Begtabeg; font-size: 250%; line-height: 250%;\"><span style=\"color: #54392e;\">Plateforme digitiale multilingue pour la<\/span><\/p>\n<p style=\"text-align: center; font-family: Begtabeg; font-size: 250%; line-height: 250%;\"><span style=\"color: #54392e;\">diaspora g\u00e9orgienne<\/span><\/p>\n<\/div><\/div>\n\n\n\n<div class=\"wp-block-cover alignfull\" style=\"min-height:342px;aspect-ratio:unset;\"><span aria-hidden=\"true\" class=\"wp-block-cover__background has-neve-text-color-background-color has-background-dim-100 has-background-dim\"><\/span><div class=\"wp-block-cover__inner-container is-layout-constrained wp-block-cover-is-layout-constrained\">\n<div style=\"height:49px\" aria-hidden=\"true\" class=\"wp-block-spacer\"><\/div>\n\n\n\n<div class=\"wp-block-columns is-layout-flex wp-container-core-columns-is-layout-9d6595d7 wp-block-columns-is-layout-flex\">\n<div class=\"wp-block-column is-layout-flow wp-block-column-is-layout-flow\"><div class=\"wp-block-image is-style-default\">\n<figure class=\"aligncenter size-full is-resized\"><img loading=\"lazy\" decoding=\"async\" width=\"2000\" height=\"2000\" src=\"https:\/\/myrustaveli.com\/wp-content\/uploads\/2023\/12\/LOGO-didi.png\" alt=\"\" class=\"wp-image-954\" style=\"width:80px\" srcset=\"https:\/\/myrustaveli.com\/wp-content\/uploads\/2023\/12\/LOGO-didi.png 2000w, https:\/\/myrustaveli.com\/wp-content\/uploads\/2023\/12\/LOGO-didi-300x300.png 300w, https:\/\/myrustaveli.com\/wp-content\/uploads\/2023\/12\/LOGO-didi-1024x1024.png 1024w, https:\/\/myrustaveli.com\/wp-content\/uploads\/2023\/12\/LOGO-didi-150x150.png 150w, https:\/\/myrustaveli.com\/wp-content\/uploads\/2023\/12\/LOGO-didi-768x768.png 768w, https:\/\/myrustaveli.com\/wp-content\/uploads\/2023\/12\/LOGO-didi-1536x1536.png 1536w, https:\/\/myrustaveli.com\/wp-content\/uploads\/2023\/12\/LOGO-didi-12x12.png 12w\" sizes=\"auto, (max-width: 2000px) 100vw, 2000px\" \/><\/figure>\n<\/div>\n\n\n<p><\/p>\n\n\n\n<p style=\"text-align: center; font-size:80%;margin-top:5%;\"><span style=\"color: #fff;\">Minist\u00e8re des Affaires \u00e9trang\u00e8res de G\u00e9orgie<\/span><\/p>\n<\/div>\n\n\n\n<div class=\"wp-block-column is-layout-flow wp-block-column-is-layout-flow\"><div class=\"wp-block-image\">\n<figure class=\"aligncenter size-full is-resized\"><img decoding=\"async\" src=\"https:\/\/myrustaveli.com\/wp-content\/uploads\/2023\/11\/MT.svg\" alt=\"\" class=\"wp-image-887\" style=\"width:auto;height:80px\"\/><\/figure>\n<\/div>\n\n\n<p><\/p>\n\n\n\n<p style=\"text-align: center; font-size:80%;margin-top:5%;\"><span style=\"color: #fff;\">Prof. Manana Tandaschwili<br>Auteure du projet<\/span><\/p>\n<\/div>\n\n\n\n<div class=\"wp-block-column is-layout-flow wp-block-column-is-layout-flow\"><div class=\"wp-block-image\">\n<figure class=\"aligncenter size-full is-resized\"><img decoding=\"async\" src=\"https:\/\/myrustaveli.com\/wp-content\/uploads\/2023\/11\/MG.svg\" alt=\"\" class=\"wp-image-884\" style=\"width:auto;height:80px\"\/><\/figure>\n<\/div>\n\n\n<p><\/p>\n\n\n\n<p style=\"text-align: center; font-size:80%;margin-top:5%;\"><span style=\"color: #fff;\">Mariam Gobianidse<br>Co-Auteure du projet<\/span><\/p>\n<\/div>\n\n\n\n<div class=\"wp-block-column is-layout-flow wp-block-column-is-layout-flow\"><div class=\"wp-block-image\">\n<figure class=\"aligncenter size-full is-resized\"><img decoding=\"async\" src=\"https:\/\/myrustaveli.com\/wp-content\/uploads\/2023\/11\/David.svg\" alt=\"\" class=\"wp-image-888\" style=\"width:auto;height:80px\"\/><\/figure>\n<\/div>\n\n\n<p><\/p>\n\n\n\n<p style=\"text-align: center; font-size:80%;margin-top:5%;\"><span style=\"color: #fff;\">David Maisuradse<br>Webdesign et calligraphie<\/span><\/p>\n<\/div>\n\n\n\n<div class=\"wp-block-column is-layout-flow wp-block-column-is-layout-flow\"><div class=\"wp-block-image\">\n<figure class=\"aligncenter size-full is-resized\"><img decoding=\"async\" src=\"https:\/\/myrustaveli.com\/wp-content\/uploads\/2023\/11\/TV.svg\" alt=\"\" class=\"wp-image-885\" style=\"width:auto;height:80px\"\/><\/figure>\n<\/div>\n\n\n<p><\/p>\n\n\n\n<p style=\"text-align: center; font-size:80%;margin-top:5%;\"><span style=\"color: #fff;\">Dr. Tobias Weis<br>Gestion technique de la plateforme<\/span><\/p>\n<\/div>\n\n\n\n<div class=\"wp-block-column is-layout-flow wp-block-column-is-layout-flow\"><div class=\"wp-block-image\">\n<figure class=\"aligncenter size-full is-resized\"><img decoding=\"async\" src=\"https:\/\/myrustaveli.com\/wp-content\/uploads\/2023\/11\/MQ.svg\" alt=\"\" class=\"wp-image-886\" style=\"width:auto;height:80px\"\/><\/figure>\n<\/div>\n\n\n<p><\/p>\n\n\n\n<p style=\"text-align: center; font-size:80%;margin-top:5%;\"><span style=\"color: #fff;\">Dr. Mariam Kamarauli<br>Gestion technique de la plateforme<\/span><\/p>\n<\/div>\n<\/div>\n\n\n\n<p class=\"has-text-align-center\">\u00a9 tous droits r\u00e9serv\u00e9s. 2023.<\/p>\n\n\n\n<div style=\"height:49px\" aria-hidden=\"true\" class=\"wp-block-spacer\"><\/div>\n\n\n\n<p>\n\u10db\u10dd\u10db\u10ee\u10db\u10d0\u10e0\u10d4\u10d1\u10d4\u10da\u10d7\u10d0 \u10e0\u10d0\u10dd\u10d3\u10d4\u10dc\u10dd\u10d1\u10d0: 3445\n<\/p>\n\n\n\n<div style=\"height:49px\" aria-hidden=\"true\" class=\"wp-block-spacer\"><\/div>\n<\/div><\/div>\n\n\n\n<p><\/p>","protected":false},"excerpt":{"rendered":"","protected":false},"author":1,"featured_media":0,"parent":0,"menu_order":0,"comment_status":"closed","ping_status":"closed","template":"","meta":{"neve_meta_sidebar":"","neve_meta_container":"","neve_meta_enable_content_width":"on","neve_meta_content_width":100,"neve_meta_title_alignment":"","neve_meta_author_avatar":"","neve_post_elements_order":"","neve_meta_disable_header":"","neve_meta_disable_footer":"","neve_meta_disable_title":"on","footnotes":""},"class_list":["post-12","page","type-page","status-publish","hentry"],"_links":{"self":[{"href":"https:\/\/myrustaveli.com\/fr\/wp-json\/wp\/v2\/pages\/12","targetHints":{"allow":["GET"]}}],"collection":[{"href":"https:\/\/myrustaveli.com\/fr\/wp-json\/wp\/v2\/pages"}],"about":[{"href":"https:\/\/myrustaveli.com\/fr\/wp-json\/wp\/v2\/types\/page"}],"author":[{"embeddable":true,"href":"https:\/\/myrustaveli.com\/fr\/wp-json\/wp\/v2\/users\/1"}],"replies":[{"embeddable":true,"href":"https:\/\/myrustaveli.com\/fr\/wp-json\/wp\/v2\/comments?post=12"}],"version-history":[{"count":19,"href":"https:\/\/myrustaveli.com\/fr\/wp-json\/wp\/v2\/pages\/12\/revisions"}],"predecessor-version":[{"id":1431,"href":"https:\/\/myrustaveli.com\/fr\/wp-json\/wp\/v2\/pages\/12\/revisions\/1431"}],"wp:attachment":[{"href":"https:\/\/myrustaveli.com\/fr\/wp-json\/wp\/v2\/media?parent=12"}],"curies":[{"name":"wp","href":"https:\/\/api.w.org\/{rel}","templated":true}]}}